{"id":5080,"date":"2023-03-15T21:29:42","date_gmt":"2023-03-15T21:29:42","guid":{"rendered":"https:\/\/www.jurazimut.com\/?page_id=5080"},"modified":"2023-03-22T21:52:12","modified_gmt":"2023-03-22T21:52:12","slug":"notre-histoire","status":"publish","type":"page","link":"https:\/\/www.jurazimut.com\/index.php\/notre-histoire\/","title":{"rendered":"Notre histoire"},"content":{"rendered":"\t\t<div data-elementor-type=\"wp-page\" data-elementor-id=\"5080\" class=\"elementor elementor-5080\">\n\t\t\t\t\t\t\t\t\t<section class=\"elementor-section elementor-top-section elementor-element elementor-element-66e48212 elementor-section-boxed elementor-section-height-default elementor-section-height-default\" data-id=\"66e48212\" data-element_type=\"section\" data-settings=\"{&quot;background_background&quot;:&quot;classic&quot;}\">\n\t\t\t\t\t\t\t<div class=\"elementor-background-overlay\"><\/div>\n\t\t\t\t\t\t\t<div class=\"elementor-container elementor-column-gap-default\">\n\t\t\t\t\t<div class=\"elementor-column elementor-col-100 elementor-top-column elementor-element elementor-element-3a813969\" data-id=\"3a813969\" data-element_type=\"column\">\n\t\t\t<div class=\"elementor-widget-wrap elementor-element-populated\">\n\t\t\t\t\t\t\t\t<div class=\"elementor-element elementor-element-2cb1c0f7 elementor-widget elementor-widget-heading\" data-id=\"2cb1c0f7\" data-element_type=\"widget\" data-widget_type=\"heading.default\">\n\t\t\t\t<div class=\"elementor-widget-container\">\n\t\t\t<style>\/*! elementor - v3.18.0 - 20-12-2023 *\/\n.elementor-heading-title{padding:0;margin:0;line-height:1}.elementor-widget-heading .elementor-heading-title[class*=elementor-size-]>a{color:inherit;font-size:inherit;line-height:inherit}.elementor-widget-heading .elementor-heading-title.elementor-size-small{font-size:15px}.elementor-widget-heading .elementor-heading-title.elementor-size-medium{font-size:19px}.elementor-widget-heading .elementor-heading-title.elementor-size-large{font-size:29px}.elementor-widget-heading .elementor-heading-title.elementor-size-xl{font-size:39px}.elementor-widget-heading .elementor-heading-title.elementor-size-xxl{font-size:59px}<\/style><h1 class=\"elementor-heading-title elementor-size-default\">notre histoire ...<\/h1>\t\t<\/div>\n\t\t\t\t<\/div>\n\t\t\t\t\t<\/div>\n\t\t<\/div>\n\t\t\t\t\t\t\t<\/div>\n\t\t<\/section>\n\t\t\t\t<section class=\"elementor-section elementor-top-section elementor-element elementor-element-4d9b0e63 elementor-reverse-mobile elementor-section-boxed elementor-section-height-default elementor-section-height-default\" data-id=\"4d9b0e63\" data-element_type=\"section\">\n\t\t\t\t\t\t<div class=\"elementor-container elementor-column-gap-no\">\n\t\t\t\t\t<div class=\"elementor-column elementor-col-50 elementor-top-column elementor-element elementor-element-df4d1c3\" data-id=\"df4d1c3\" data-element_type=\"column\">\n\t\t\t<div class=\"elementor-widget-wrap elementor-element-populated\">\n\t\t\t\t\t\t\t\t<div class=\"elementor-element elementor-element-769f045d elementor-invisible elementor-widget elementor-widget-image-box\" data-id=\"769f045d\" data-element_type=\"widget\" data-settings=\"{&quot;_animation&quot;:&quot;fadeInDown&quot;}\" data-widget_type=\"image-box.default\">\n\t\t\t\t<div class=\"elementor-widget-container\">\n\t\t\t<style>\/*! elementor - v3.18.0 - 20-12-2023 *\/\n.elementor-widget-image-box .elementor-image-box-content{width:100%}@media (min-width:768px){.elementor-widget-image-box.elementor-position-left .elementor-image-box-wrapper,.elementor-widget-image-box.elementor-position-right .elementor-image-box-wrapper{display:flex}.elementor-widget-image-box.elementor-position-right .elementor-image-box-wrapper{text-align:right;flex-direction:row-reverse}.elementor-widget-image-box.elementor-position-left .elementor-image-box-wrapper{text-align:left;flex-direction:row}.elementor-widget-image-box.elementor-position-top .elementor-image-box-img{margin:auto}.elementor-widget-image-box.elementor-vertical-align-top .elementor-image-box-wrapper{align-items:flex-start}.elementor-widget-image-box.elementor-vertical-align-middle .elementor-image-box-wrapper{align-items:center}.elementor-widget-image-box.elementor-vertical-align-bottom .elementor-image-box-wrapper{align-items:flex-end}}@media (max-width:767px){.elementor-widget-image-box .elementor-image-box-img{margin-left:auto!important;margin-right:auto!important;margin-bottom:15px}}.elementor-widget-image-box .elementor-image-box-img{display:inline-block}.elementor-widget-image-box .elementor-image-box-title a{color:inherit}.elementor-widget-image-box .elementor-image-box-wrapper{text-align:center}.elementor-widget-image-box .elementor-image-box-description{margin:0}<\/style><div class=\"elementor-image-box-wrapper\"><div class=\"elementor-image-box-content\"><h2 class=\"elementor-image-box-title\">Les jurazimut\u00e9s<\/h2><p class=\"elementor-image-box-description\"><p><strong>JURAZIMUT<\/strong> c\u2019est\nune association d\u2019une vingtaine de jurazimut\u00e9s tous passionn\u00e9s de sports nature ! A l\u2019origine nous venons pour la plupart du VTT mais au fur et \u00e0 mesure des ann\u00e9es nous avons appris \u00e0 d\u00e9couvrir, \u00e0 pratiquer beaucoup d\u2019autres sports dits \u00absports nature\u00bb !<\/p><p>Notre fief c\u2019est la ville de Champagnole (JURA) situ\u00e9e \u00e0 550m\nd\u2019altitude aux portes du haut-jura : un paradis pour s\u2019\u00e9clater\ndans la nature \u2026<\/p><p>Lacs, rivi\u00e8res, gorges, cascades mais \u00e9galement des for\u00eats\nd\u2019\u00e9pic\u00e9as, des sentes et des descentes inimaginables \u2026 bref !\nun terrain de jeux que seul Jurazimut saura vous faire d\u00e9couvrir\n!!!!!!!<br><\/p>\n\n ! <br>\n\n<p>JURAZIMUT\u00a0depuis 2013 s\u2019investit dans la course d\u2019orientation, en mettant en place des comp\u00e9titions sur le secteur de Champagnole, en proposant des entra\u00eenements, pour petits et grands, en investissant dans du mat\u00e9riel sp\u00e9cifiques, mais aussi des cartes de CO tr\u00e8s int\u00e9ressantes \u2026.<\/p>\n\n\n\n<\/p><\/div><\/div>\t\t<\/div>\n\t\t\t\t<\/div>\n\t\t\t\t\t<\/div>\n\t\t<\/div>\n\t\t\t\t<div class=\"elementor-column elementor-col-50 elementor-top-column elementor-element elementor-element-66c9cb9e\" data-id=\"66c9cb9e\" data-element_type=\"column\">\n\t\t\t<div class=\"elementor-widget-wrap elementor-element-populated\">\n\t\t\t\t\t\t\t\t<div class=\"elementor-element elementor-element-613717a0 elementor-widget elementor-widget-image\" data-id=\"613717a0\" data-element_type=\"widget\" data-widget_type=\"image.default\">\n\t\t\t\t<div class=\"elementor-widget-container\">\n\t\t\t<style>\/*! elementor - v3.18.0 - 20-12-2023 *\/\n.elementor-widget-image{text-align:center}.elementor-widget-image a{display:inline-block}.elementor-widget-image a img[src$=\".svg\"]{width:48px}.elementor-widget-image img{vertical-align:middle;display:inline-block}<\/style>\t\t\t\t\t\t\t\t\t\t\t\t<img fetchpriority=\"high\" decoding=\"async\" width=\"1024\" height=\"768\" src=\"https:\/\/www.jurazimut.com\/wp-content\/uploads\/2023\/03\/IMG-20220522-WA0058.jpg\" class=\"attachment-large size-large wp-image-5097\" alt=\"\" \/>\t\t\t\t\t\t\t\t\t\t\t\t\t\t\t<\/div>\n\t\t\t\t<\/div>\n\t\t\t\t\t<\/div>\n\t\t<\/div>\n\t\t\t\t\t\t\t<\/div>\n\t\t<\/section>\n\t\t\t\t<section class=\"elementor-section elementor-top-section elementor-element elementor-element-66ffe236 elementor-section-boxed elementor-section-height-default elementor-section-height-default\" data-id=\"66ffe236\" data-element_type=\"section\">\n\t\t\t\t\t\t<div class=\"elementor-container elementor-column-gap-no\">\n\t\t\t\t\t<div class=\"elementor-column elementor-col-50 elementor-top-column elementor-element elementor-element-14c27b85\" data-id=\"14c27b85\" data-element_type=\"column\">\n\t\t\t<div class=\"elementor-widget-wrap elementor-element-populated\">\n\t\t\t\t\t\t\t\t<div class=\"elementor-element elementor-element-60470491 elementor-widget elementor-widget-image\" data-id=\"60470491\" data-element_type=\"widget\" data-widget_type=\"image.default\">\n\t\t\t\t<div class=\"elementor-widget-container\">\n\t\t\t\t\t\t\t\t\t\t\t\t\t\t\t<img decoding=\"async\" width=\"300\" height=\"201\" src=\"https:\/\/www.jurazimut.com\/wp-content\/uploads\/2023\/03\/DSC_0389.jpg\" class=\"attachment-medium size-medium wp-image-5102\" alt=\"\" \/>\t\t\t\t\t\t\t\t\t\t\t\t\t\t\t<\/div>\n\t\t\t\t<\/div>\n\t\t\t\t\t<\/div>\n\t\t<\/div>\n\t\t\t\t<div class=\"elementor-column elementor-col-50 elementor-top-column elementor-element elementor-element-66fde0a6\" data-id=\"66fde0a6\" data-element_type=\"column\">\n\t\t\t<div class=\"elementor-widget-wrap elementor-element-populated\">\n\t\t\t\t\t\t\t\t<div class=\"elementor-element elementor-element-769937ec elementor-invisible elementor-widget elementor-widget-image-box\" data-id=\"769937ec\" data-element_type=\"widget\" data-settings=\"{&quot;_animation&quot;:&quot;fadeInDown&quot;}\" data-widget_type=\"image-box.default\">\n\t\t\t\t<div class=\"elementor-widget-container\">\n\t\t\t<div class=\"elementor-image-box-wrapper\"><div class=\"elementor-image-box-content\"><h2 class=\"elementor-image-box-title\">Des raideurs, raideuses ... <\/h2><p class=\"elementor-image-box-description\">JURAZIMUT; c\u2019est \u00e9galement un organisateur de RAIDS ! <br>Depuis plus de 20 ans maintenant nous faisons vibrer une centaine de raideuses et raideurs sur des parcours in\u00e9dits et \u00e0 chaque fois renouvel\u00e9s ! Parcours adapt\u00e9s \u00e0 chacun ! <br> Depuis 2019, nous avons arr\u00eat\u00e9 l'organisation du fameux Gro\u2019Magnon sur 2 jours, un raid sauvage avec bivouac ou l\u2019esprit d\u2019\u00e9quipe et la strat\u00e9gie \u00e9taient tr\u00e8s importants.<br> Sachant s\u2019adapter \u00e0 la demande des comp\u00e9titeurs, nous mettons en place d\u00e9sormais un raid sur une journ\u00e9e le Ti\u2019Magnon plus accessible et permettant \u00e0 beaucoup de d\u00e9couvrir des sports tels que cano\u00eb, via corda, Bike and run \u2026. Egalement un petit Raid destin\u00e9 aux enfants \u00e0 trouv\u00e9 sa place aupr\u00e8s des \u00ab&nbsp;grands&nbsp;\u00bb<\/p><\/div><\/div>\t\t<\/div>\n\t\t\t\t<\/div>\n\t\t\t\t\t<\/div>\n\t\t<\/div>\n\t\t\t\t\t\t\t<\/div>\n\t\t<\/section>\n\t\t\t\t<section class=\"elementor-section elementor-top-section elementor-element elementor-element-5137944d elementor-reverse-mobile elementor-section-boxed elementor-section-height-default elementor-section-height-default\" data-id=\"5137944d\" data-element_type=\"section\">\n\t\t\t\t\t\t<div class=\"elementor-container elementor-column-gap-no\">\n\t\t\t\t\t<div class=\"elementor-column elementor-col-50 elementor-top-column elementor-element elementor-element-3023370d\" data-id=\"3023370d\" data-element_type=\"column\">\n\t\t\t<div class=\"elementor-widget-wrap elementor-element-populated\">\n\t\t\t\t\t\t\t\t<div class=\"elementor-element elementor-element-3a688e4b elementor-widget elementor-widget-image-box\" data-id=\"3a688e4b\" data-element_type=\"widget\" data-widget_type=\"image-box.default\">\n\t\t\t\t<div class=\"elementor-widget-container\">\n\t\t\t<div class=\"elementor-image-box-wrapper\"><div class=\"elementor-image-box-content\"><h2 class=\"elementor-image-box-title\">Des d\u00e9boussol\u00e9s ...<\/h2><p class=\"elementor-image-box-description\"><p><strong>JURAZIMUT<\/strong>&nbsp;depuis 2013 s\u2019investit dans la course d\u2019orientation, en mettant en place des comp\u00e9titions sur le secteur de Champagnole, en proposant des entra\u00eenements, pour petits et grands, en investissant dans du mat\u00e9riel sp\u00e9cifique, mais aussi des cartes de CO tr\u00e8s int\u00e9ressantes \u2026.<br><\/p>\n\n\n<p>\nLe club JURAZIMUT poss\u00e8de quelques cartes aux alentours de Champagnole :\n\u2013 Carte dite du bois de Sapois ou un parcours permanent est mis en place (environ 2km2 \u2013 10000e)\n\u2013 Carte de Chatelneuf (2km2 \u2013 10000e)<\/p>\n\n\n<p>D\u2019autre part, nous avons \u00e9galement la gestion des cartes du secteur de Champagnole propri\u00e9t\u00e9 du CDCO du Jura mise en place par le projet O+ (carte plut\u00f4t ax\u00e9es vers les \u00e9coles)<\/p>\n\u2013 Champagnole zone du coll\u00e8ge des Louataux <BR>\n\u2013 Champagnole zone du camping de Bo\u00efse <BR>\n\u2013 Crotenay <BR>\n\u2013 Equevillon <BR>\n\u2013 Fort du Plasne <BR>\n\u2013 Grande Rivi\u00e8re <BR>\n\u2013 Loulle <BR>\n\u2013 Montrond <BR>\n\u2013 Nozeroy (2 cartes) <BR>\n\u2013 Pr\u00e9novel <BR>\n\u2013 Saint Laurent en Grandvaux (2 cartes) <BR>\n\u2013 Saint Pierre <BR>\n\u2013 Monnet la ville <BR>\n\u2013 Poligny (2 cartes) <BR>\n\u2013 Arbois (2 cartes) <BR>\n\u2013 Mouchard (2 cartes) <BR>\n\u2013 Salins les bains <BR>\n\u2013 Doucier (2 cartes) <BR>\n\u2013 Le Fied <BR> <BR>\nSi vous \u00eates int\u00e9ress\u00e9s par une de ces cartes merci de contacter notre club.\n\n<\/p>\n<\/p><\/div><\/div>\t\t<\/div>\n\t\t\t\t<\/div>\n\t\t\t\t\t<\/div>\n\t\t<\/div>\n\t\t\t\t<div class=\"elementor-column elementor-col-50 elementor-top-column elementor-element elementor-element-b10c613\" data-id=\"b10c613\" data-element_type=\"column\">\n\t\t\t<div class=\"elementor-widget-wrap elementor-element-populated\">\n\t\t\t\t\t\t\t\t<div class=\"elementor-element elementor-element-1be5466 elementor-widget elementor-widget-image\" data-id=\"1be5466\" data-element_type=\"widget\" data-widget_type=\"image.default\">\n\t\t\t\t<div class=\"elementor-widget-container\">\n\t\t\t\t\t\t\t\t\t\t\t\t\t\t\t<img decoding=\"async\" width=\"210\" height=\"300\" src=\"https:\/\/www.jurazimut.com\/wp-content\/uploads\/2023\/03\/1-CO-RELAIS-Equipe-paire-DossardVert.jpg\" class=\"attachment-medium size-medium wp-image-5043\" alt=\"\" \/>\t\t\t\t\t\t\t\t\t\t\t\t\t\t\t<\/div>\n\t\t\t\t<\/div>\n\t\t\t\t\t<\/div>\n\t\t<\/div>\n\t\t\t\t\t\t\t<\/div>\n\t\t<\/section>\n\t\t\t\t\t\t\t<\/div>\n\t\t","protected":false},"excerpt":{"rendered":"<p>notre histoire &#8230; Les jurazimut\u00e9s JURAZIMUT c\u2019est une association d\u2019une vingtaine de jurazimut\u00e9s tous passionn\u00e9s de sports nature ! A l\u2019origine nous venons pour la plupart du VTT mais au fur et \u00e0 mesure des ann\u00e9es nous avons appris \u00e0 d\u00e9couvrir, \u00e0 pratiquer beaucoup d\u2019autres sports dits \u00absports nature\u00bb ! Notre fief c\u2019est la ville &hellip;<\/p>\n<p class=\"read-more\"> <a class=\"\" href=\"https:\/\/www.jurazimut.com\/index.php\/notre-histoire\/\"> <span class=\"screen-reader-text\">Notre histoire<\/span> Lire la suite\u00a0\u00bb<\/a><\/p>\n","protected":false},"author":1,"featured_media":0,"parent":0,"menu_order":0,"comment_status":"closed","ping_status":"closed","template":"","meta":{"site-sidebar-layout":"no-sidebar","site-content-layout":"page-builder","ast-global-header-display":"","ast-main-header-display":"","ast-hfb-above-header-display":"","ast-hfb-below-header-display":"","ast-hfb-mobile-header-display":"","site-post-title":"disabled","ast-breadcrumbs-content":"","ast-featured-img":"disabled","footer-sml-layout":"","theme-transparent-header-meta":"","adv-header-id-meta":"","stick-header-meta":"","header-above-stick-meta":"","header-main-stick-meta":"","header-below-stick-meta":"","footnotes":""},"_links":{"self":[{"href":"https:\/\/www.jurazimut.com\/index.php\/wp-json\/wp\/v2\/pages\/5080"}],"collection":[{"href":"https:\/\/www.jurazimut.com\/index.php\/wp-json\/wp\/v2\/pages"}],"about":[{"href":"https:\/\/www.jurazimut.com\/index.php\/wp-json\/wp\/v2\/types\/page"}],"author":[{"embeddable":true,"href":"https:\/\/www.jurazimut.com\/index.php\/wp-json\/wp\/v2\/users\/1"}],"replies":[{"embeddable":true,"href":"https:\/\/www.jurazimut.com\/index.php\/wp-json\/wp\/v2\/comments?post=5080"}],"version-history":[{"count":26,"href":"https:\/\/www.jurazimut.com\/index.php\/wp-json\/wp\/v2\/pages\/5080\/revisions"}],"predecessor-version":[{"id":5131,"href":"https:\/\/www.jurazimut.com\/index.php\/wp-json\/wp\/v2\/pages\/5080\/revisions\/5131"}],"wp:attachment":[{"href":"https:\/\/www.jurazimut.com\/index.php\/wp-json\/wp\/v2\/media?parent=5080"}],"curies":[{"name":"wp","href":"https:\/\/api.w.org\/{rel}","templated":true}]}}