{"id":5033,"date":"2023-03-12T21:12:18","date_gmt":"2023-03-12T21:12:18","guid":{"rendered":"https:\/\/www.jurazimut.com\/?page_id=5033"},"modified":"2023-03-16T22:14:50","modified_gmt":"2023-03-16T22:14:50","slug":"orientation-jurazimut","status":"publish","type":"page","link":"https:\/\/www.jurazimut.com\/index.php\/orientation-jurazimut\/","title":{"rendered":"O&rsquo;rientation JURAZIMUT"},"content":{"rendered":"\t\t<div data-elementor-type=\"wp-page\" data-elementor-id=\"5033\" class=\"elementor elementor-5033\">\n\t\t\t\t\t\t\t\t\t<section class=\"elementor-section elementor-top-section elementor-element elementor-element-4b1c2de6 elementor-section-boxed elementor-section-height-default elementor-section-height-default\" data-id=\"4b1c2de6\" data-element_type=\"section\" data-settings=\"{&quot;background_background&quot;:&quot;classic&quot;}\">\n\t\t\t\t\t\t\t<div class=\"elementor-background-overlay\"><\/div>\n\t\t\t\t\t\t\t<div class=\"elementor-container elementor-column-gap-default\">\n\t\t\t\t\t<div class=\"elementor-column elementor-col-100 elementor-top-column elementor-element elementor-element-2391e68e\" data-id=\"2391e68e\" data-element_type=\"column\">\n\t\t\t<div class=\"elementor-widget-wrap elementor-element-populated\">\n\t\t\t\t\t\t\t\t<div class=\"elementor-element elementor-element-25e50a9f elementor-widget elementor-widget-heading\" data-id=\"25e50a9f\" data-element_type=\"widget\" data-widget_type=\"heading.default\">\n\t\t\t\t<div class=\"elementor-widget-container\">\n\t\t\t<style>\/*! elementor - v3.18.0 - 20-12-2023 *\/\n.elementor-heading-title{padding:0;margin:0;line-height:1}.elementor-widget-heading .elementor-heading-title[class*=elementor-size-]>a{color:inherit;font-size:inherit;line-height:inherit}.elementor-widget-heading .elementor-heading-title.elementor-size-small{font-size:15px}.elementor-widget-heading .elementor-heading-title.elementor-size-medium{font-size:19px}.elementor-widget-heading .elementor-heading-title.elementor-size-large{font-size:29px}.elementor-widget-heading .elementor-heading-title.elementor-size-xl{font-size:39px}.elementor-widget-heading .elementor-heading-title.elementor-size-xxl{font-size:59px}<\/style><h1 class=\"elementor-heading-title elementor-size-default\">O'rientation JURAZIMUT<\/h1>\t\t<\/div>\n\t\t\t\t<\/div>\n\t\t\t\t\t<\/div>\n\t\t<\/div>\n\t\t\t\t\t\t\t<\/div>\n\t\t<\/section>\n\t\t\t\t<section class=\"elementor-section elementor-top-section elementor-element elementor-element-1c8ee914 elementor-reverse-mobile elementor-section-boxed elementor-section-height-default elementor-section-height-default\" data-id=\"1c8ee914\" data-element_type=\"section\">\n\t\t\t\t\t\t<div class=\"elementor-container elementor-column-gap-no\">\n\t\t\t\t\t<div class=\"elementor-column elementor-col-50 elementor-top-column elementor-element elementor-element-30602604\" data-id=\"30602604\" data-element_type=\"column\">\n\t\t\t<div class=\"elementor-widget-wrap elementor-element-populated\">\n\t\t\t\t\t\t\t\t<div class=\"elementor-element elementor-element-47bc601c elementor-position-top elementor-widget elementor-widget-image-box\" data-id=\"47bc601c\" data-element_type=\"widget\" data-widget_type=\"image-box.default\">\n\t\t\t\t<div class=\"elementor-widget-container\">\n\t\t\t<style>\/*! elementor - v3.18.0 - 20-12-2023 *\/\n.elementor-widget-image-box .elementor-image-box-content{width:100%}@media (min-width:768px){.elementor-widget-image-box.elementor-position-left .elementor-image-box-wrapper,.elementor-widget-image-box.elementor-position-right .elementor-image-box-wrapper{display:flex}.elementor-widget-image-box.elementor-position-right .elementor-image-box-wrapper{text-align:right;flex-direction:row-reverse}.elementor-widget-image-box.elementor-position-left .elementor-image-box-wrapper{text-align:left;flex-direction:row}.elementor-widget-image-box.elementor-position-top .elementor-image-box-img{margin:auto}.elementor-widget-image-box.elementor-vertical-align-top .elementor-image-box-wrapper{align-items:flex-start}.elementor-widget-image-box.elementor-vertical-align-middle .elementor-image-box-wrapper{align-items:center}.elementor-widget-image-box.elementor-vertical-align-bottom .elementor-image-box-wrapper{align-items:flex-end}}@media (max-width:767px){.elementor-widget-image-box .elementor-image-box-img{margin-left:auto!important;margin-right:auto!important;margin-bottom:15px}}.elementor-widget-image-box .elementor-image-box-img{display:inline-block}.elementor-widget-image-box .elementor-image-box-title a{color:inherit}.elementor-widget-image-box .elementor-image-box-wrapper{text-align:center}.elementor-widget-image-box .elementor-image-box-description{margin:0}<\/style><div class=\"elementor-image-box-wrapper\"><figure class=\"elementor-image-box-img\"><img fetchpriority=\"high\" decoding=\"async\" width=\"300\" height=\"300\" src=\"https:\/\/www.jurazimut.com\/wp-content\/uploads\/2023\/03\/FFCO.jpg\" class=\"attachment-full size-full wp-image-5038\" alt=\"\" \/><\/figure><div class=\"elementor-image-box-content\"><h2 class=\"elementor-image-box-title\">L'orientation, k\u00e9zako ?<\/h2><p class=\"elementor-image-box-description\"><p><strong><font color=\"#808080\"><font style=\"font-size: 14pt\" size=\"4\">Source\nWikip\u00e9dia :<\/font><\/font><\/strong><br>\n<font color=\"#808080\">La <\/font><font color=\"#808080\"><b>course d\u2019orientation<\/b><\/font><font color=\"#808080\"> est une activit\u00e9 sportive de navigation avec carte et boussole qui se d\u00e9roule en g\u00e9n\u00e9ral dans la for\u00eat ou plus rarement en ville. La forme traditionnelle est une course \u00e0 pied de type <\/font><font color=\"#808080\"><i>cross-country<\/i><\/font><font color=\"#808080\"> mais d\u2019autres formes de course d\u2019orientation sont n\u00e9es au fil des ann\u00e9es, notamment \u00e0 VTT et \u00e0 ski. Une personne pratiquant cette activit\u00e9 est appel\u00e9e un <\/font><font color=\"#808080\"><b>orienteur<\/b><\/font><font color=\"#808080\"> (orienteuse au f\u00e9minin).<br><\/font><\/p><p><strong>\n<\/strong><\/p><p><strong><font style=\"font-size: 14pt\" size=\"4\">Plein d\u2019information\nsur la course d\u2019orientation sur le site de notre f\u00e9d\u00e9ration\n(FFCO)<\/font><\/strong><br>\n<a href=\"http:\/\/www.ffcorientation.fr\/decouvrir\/\" target=\"_blank\">http:\/\/www.ffcorientation.fr\/decouvrir\/<\/a><\/p><p>Le club dispose sur la r\u00e9gion de Champagnole d\u2019une douzaine de cartes diff\u00e9rentes permettant des entra\u00eenements, de la d\u00e9couverte\nmais \u00e9galement de la comp\u00e9tition \u2026<\/p><p>Un parcours permanent dot\u00e9 d\u2019une centaine de poteaux\/balises a \u00e9galement \u00e9t\u00e9 mis en place dans\nla for\u00eat de Sapois.<\/p>\n\n\n\n\n\n<\/p><\/div><\/div>\t\t<\/div>\n\t\t\t\t<\/div>\n\t\t\t\t\t<\/div>\n\t\t<\/div>\n\t\t\t\t<div class=\"elementor-column elementor-col-50 elementor-top-column elementor-element elementor-element-1b6302ad\" data-id=\"1b6302ad\" data-element_type=\"column\">\n\t\t\t<div class=\"elementor-widget-wrap elementor-element-populated\">\n\t\t\t\t\t\t\t\t<div class=\"elementor-element elementor-element-638a7238 elementor-widget elementor-widget-image\" data-id=\"638a7238\" data-element_type=\"widget\" data-widget_type=\"image.default\">\n\t\t\t\t<div class=\"elementor-widget-container\">\n\t\t\t<style>\/*! elementor - v3.18.0 - 20-12-2023 *\/\n.elementor-widget-image{text-align:center}.elementor-widget-image a{display:inline-block}.elementor-widget-image a img[src$=\".svg\"]{width:48px}.elementor-widget-image img{vertical-align:middle;display:inline-block}<\/style>\t\t\t\t\t\t\t\t\t\t\t\t<img decoding=\"async\" width=\"718\" height=\"1024\" src=\"https:\/\/www.jurazimut.com\/wp-content\/uploads\/2023\/03\/1-CO-RELAIS-Equipe-paire-DossardVert.jpg\" class=\"attachment-large size-large wp-image-5043\" alt=\"\" \/>\t\t\t\t\t\t\t\t\t\t\t\t\t\t\t<\/div>\n\t\t\t\t<\/div>\n\t\t\t\t\t<\/div>\n\t\t<\/div>\n\t\t\t\t\t\t\t<\/div>\n\t\t<\/section>\n\t\t\t\t<section class=\"elementor-section elementor-top-section elementor-element elementor-element-73181445 elementor-section-boxed elementor-section-height-default elementor-section-height-default\" data-id=\"73181445\" data-element_type=\"section\">\n\t\t\t\t\t\t<div class=\"elementor-container elementor-column-gap-no\">\n\t\t\t\t\t<div class=\"elementor-column elementor-col-50 elementor-top-column elementor-element elementor-element-a123d62\" data-id=\"a123d62\" data-element_type=\"column\">\n\t\t\t<div class=\"elementor-widget-wrap elementor-element-populated\">\n\t\t\t\t\t\t\t\t<div class=\"elementor-element elementor-element-739e7c52 elementor-widget elementor-widget-image\" data-id=\"739e7c52\" data-element_type=\"widget\" data-widget_type=\"image.default\">\n\t\t\t\t<div class=\"elementor-widget-container\">\n\t\t\t\t\t\t\t\t\t\t\t\t\t\t\t<img decoding=\"async\" width=\"386\" height=\"625\" src=\"https:\/\/www.jurazimut.com\/wp-content\/uploads\/2023\/03\/co-sapois.jpg\" class=\"attachment-large size-large wp-image-5049\" alt=\"\" \/>\t\t\t\t\t\t\t\t\t\t\t\t\t\t\t<\/div>\n\t\t\t\t<\/div>\n\t\t\t\t\t<\/div>\n\t\t<\/div>\n\t\t\t\t<div class=\"elementor-column elementor-col-50 elementor-top-column elementor-element elementor-element-d6cd856\" data-id=\"d6cd856\" data-element_type=\"column\">\n\t\t\t<div class=\"elementor-widget-wrap elementor-element-populated\">\n\t\t\t\t\t\t\t\t<div class=\"elementor-element elementor-element-2ced75c5 elementor-widget elementor-widget-image-box\" data-id=\"2ced75c5\" data-element_type=\"widget\" data-widget_type=\"image-box.default\">\n\t\t\t\t<div class=\"elementor-widget-container\">\n\t\t\t<div class=\"elementor-image-box-wrapper\"><div class=\"elementor-image-box-content\"><h2 class=\"elementor-image-box-title\">Ressources du club<\/h2><p class=\"elementor-image-box-description\"><p>Le club JURAZIMUT poss\u00e8de quelques cartes aux alentours de Champagnole\n\u2013 Carte dite du bois de Sapois o\u00f9 un parcours permanent est\nmis en place (environ 2km2 \u2013 10000e)\n\u2013 Carte de Chatelneuf (2km2 \u2013 10000e)<br><br>D\u2019autre part, nous avons \u00e9galement la gestion des cartes du\nsecteur de Champagnole propri\u00e9t\u00e9 du CDCO du Jura mise en place par le projet O+ (carte plut\u00f4t ax\u00e9es vers les \u00e9coles)<br>\n\u2013 Champagnole zone du coll\u00e8ge des Louataux<br>\u2013 Champagnole zone du camping de Bo\u00efse<br>\u2013 Crotenay<br>\u2013 Equevillon<br>\u2013 Fort du Plasne<br>\u2013 Grande Rivi\u00e8re<br>\u2013 Loulle<br>\u2013 Montrond<br>\u2013 Nozeroy (2 cartes)<br>\u2013 Pr\u00e9novel<br>\u2013 Saint Laurent en Grandvaux (2 cartes)<br>\u2013 Saint Pierre<br>\u2013 Monnet la ville<br>\u2013 Poligny (2 cartes)<br>\u2013 Arbois (2 cartes)<br>\u2013 Mouchard (2 cartes)<br>\u2013 Salins les bains<br>\u2013 Doucier (2 cartes)<br>\u2013 Le Fied<\/p><p>Si vous \u00eates int\u00e9ress\u00e9 par une de ces cartes merci de contacter\nnotre club.<\/p><\/p><\/div><\/div>\t\t<\/div>\n\t\t\t\t<\/div>\n\t\t\t\t\t<\/div>\n\t\t<\/div>\n\t\t\t\t\t\t\t<\/div>\n\t\t<\/section>\n\t\t\t\t<section class=\"elementor-section elementor-top-section elementor-element elementor-element-419cefe elementor-section-boxed elementor-section-height-default elementor-section-height-default\" data-id=\"419cefe\" data-element_type=\"section\">\n\t\t\t\t\t\t<div class=\"elementor-container elementor-column-gap-default\">\n\t\t\t\t\t<div class=\"elementor-column elementor-col-100 elementor-top-column elementor-element elementor-element-ff7684a\" data-id=\"ff7684a\" data-element_type=\"column\">\n\t\t\t<div class=\"elementor-widget-wrap elementor-element-populated\">\n\t\t\t\t\t\t\t\t<div class=\"elementor-element elementor-element-4b833a3 elementor-icon-list--layout-traditional elementor-list-item-link-full_width elementor-invisible elementor-widget elementor-widget-icon-list\" data-id=\"4b833a3\" data-element_type=\"widget\" data-settings=\"{&quot;_animation&quot;:&quot;zoomIn&quot;}\" data-widget_type=\"icon-list.default\">\n\t\t\t\t<div class=\"elementor-widget-container\">\n\t\t\t<link rel=\"stylesheet\" href=\"https:\/\/www.jurazimut.com\/wp-content\/plugins\/elementor\/assets\/css\/widget-icon-list.min.css\">\t\t<ul class=\"elementor-icon-list-items\">\n\t\t\t\t\t\t\t<li class=\"elementor-icon-list-item\">\n\t\t\t\t\t\t\t\t\t\t\t<a href=\"mailto:domy39.moutenet@gmail.com\">\n\n\t\t\t\t\t\t\t\t\t\t\t\t<span class=\"elementor-icon-list-icon\">\n\t\t\t\t\t\t\t<i aria-hidden=\"true\" class=\"fas fa-info-circle\"><\/i>\t\t\t\t\t\t<\/span>\n\t\t\t\t\t\t\t\t\t\t<span class=\"elementor-icon-list-text\">Contact responsable O'rientation<\/span>\n\t\t\t\t\t\t\t\t\t\t\t<\/a>\n\t\t\t\t\t\t\t\t\t<\/li>\n\t\t\t\t\t\t<\/ul>\n\t\t\t\t<\/div>\n\t\t\t\t<\/div>\n\t\t\t\t\t<\/div>\n\t\t<\/div>\n\t\t\t\t\t\t\t<\/div>\n\t\t<\/section>\n\t\t\t\t\t\t\t<\/div>\n\t\t","protected":false},"excerpt":{"rendered":"<p>O&rsquo;rientation JURAZIMUT L&rsquo;orientation, k\u00e9zako ? Source Wikip\u00e9dia : La course d\u2019orientation est une activit\u00e9 sportive de navigation avec carte et boussole qui se d\u00e9roule en g\u00e9n\u00e9ral dans la for\u00eat ou plus rarement en ville. La forme traditionnelle est une course \u00e0 pied de type cross-country mais d\u2019autres formes de course d\u2019orientation sont n\u00e9es au fil &hellip;<\/p>\n<p class=\"read-more\"> <a class=\"\" href=\"https:\/\/www.jurazimut.com\/index.php\/orientation-jurazimut\/\"> <span class=\"screen-reader-text\">O&rsquo;rientation JURAZIMUT<\/span> Lire la suite\u00a0\u00bb<\/a><\/p>\n","protected":false},"author":1,"featured_media":0,"parent":0,"menu_order":0,"comment_status":"closed","ping_status":"closed","template":"","meta":{"site-sidebar-layout":"no-sidebar","site-content-layout":"page-builder","ast-global-header-display":"","ast-main-header-display":"","ast-hfb-above-header-display":"","ast-hfb-below-header-display":"","ast-hfb-mobile-header-display":"","site-post-title":"disabled","ast-breadcrumbs-content":"","ast-featured-img":"disabled","footer-sml-layout":"","theme-transparent-header-meta":"","adv-header-id-meta":"","stick-header-meta":"","header-above-stick-meta":"","header-main-stick-meta":"","header-below-stick-meta":"","footnotes":""},"_links":{"self":[{"href":"https:\/\/www.jurazimut.com\/index.php\/wp-json\/wp\/v2\/pages\/5033"}],"collection":[{"href":"https:\/\/www.jurazimut.com\/index.php\/wp-json\/wp\/v2\/pages"}],"about":[{"href":"https:\/\/www.jurazimut.com\/index.php\/wp-json\/wp\/v2\/types\/page"}],"author":[{"embeddable":true,"href":"https:\/\/www.jurazimut.com\/index.php\/wp-json\/wp\/v2\/users\/1"}],"replies":[{"embeddable":true,"href":"https:\/\/www.jurazimut.com\/index.php\/wp-json\/wp\/v2\/comments?post=5033"}],"version-history":[{"count":26,"href":"https:\/\/www.jurazimut.com\/index.php\/wp-json\/wp\/v2\/pages\/5033\/revisions"}],"predecessor-version":[{"id":5132,"href":"https:\/\/www.jurazimut.com\/index.php\/wp-json\/wp\/v2\/pages\/5033\/revisions\/5132"}],"wp:attachment":[{"href":"https:\/\/www.jurazimut.com\/index.php\/wp-json\/wp\/v2\/media?parent=5033"}],"curies":[{"name":"wp","href":"https:\/\/api.w.org\/{rel}","templated":true}]}}