{"id":4458,"date":"2020-04-13T11:18:52","date_gmt":"2020-04-13T11:18:52","guid":{"rendered":"http:\/\/www2.jurazimut.com\/index.php\/about\/"},"modified":"2025-01-29T21:30:35","modified_gmt":"2025-01-29T21:30:35","slug":"a-propos","status":"publish","type":"page","link":"https:\/\/www.jurazimut.com\/index.php\/a-propos\/","title":{"rendered":"A propos"},"content":{"rendered":"\t\t<div data-elementor-type=\"wp-page\" data-elementor-id=\"4458\" class=\"elementor elementor-4458\">\n\t\t\t\t\t\t\t\t\t<section class=\"elementor-section elementor-top-section elementor-element elementor-element-2a1b87df elementor-section-boxed elementor-section-height-default elementor-section-height-default\" data-id=\"2a1b87df\" data-element_type=\"section\" data-settings=\"{&quot;background_background&quot;:&quot;classic&quot;}\">\n\t\t\t\t\t\t\t<div class=\"elementor-background-overlay\"><\/div>\n\t\t\t\t\t\t\t<div class=\"elementor-container elementor-column-gap-default\">\n\t\t\t\t\t<div class=\"elementor-column elementor-col-100 elementor-top-column elementor-element elementor-element-2fd95d8f\" data-id=\"2fd95d8f\" data-element_type=\"column\">\n\t\t\t<div class=\"elementor-widget-wrap elementor-element-populated\">\n\t\t\t\t\t\t\t\t<div class=\"elementor-element elementor-element-4b931374 elementor-widget elementor-widget-heading\" data-id=\"4b931374\" data-element_type=\"widget\" data-widget_type=\"heading.default\">\n\t\t\t\t<div class=\"elementor-widget-container\">\n\t\t\t<style>\/*! elementor - v3.18.0 - 20-12-2023 *\/\n.elementor-heading-title{padding:0;margin:0;line-height:1}.elementor-widget-heading .elementor-heading-title[class*=elementor-size-]>a{color:inherit;font-size:inherit;line-height:inherit}.elementor-widget-heading .elementor-heading-title.elementor-size-small{font-size:15px}.elementor-widget-heading .elementor-heading-title.elementor-size-medium{font-size:19px}.elementor-widget-heading .elementor-heading-title.elementor-size-large{font-size:29px}.elementor-widget-heading .elementor-heading-title.elementor-size-xl{font-size:39px}.elementor-widget-heading .elementor-heading-title.elementor-size-xxl{font-size:59px}<\/style><h1 class=\"elementor-heading-title elementor-size-default\">Qui sommes nous ?<\/h1>\t\t<\/div>\n\t\t\t\t<\/div>\n\t\t\t\t\t<\/div>\n\t\t<\/div>\n\t\t\t\t\t\t\t<\/div>\n\t\t<\/section>\n\t\t\t\t<section class=\"elementor-section elementor-top-section elementor-element elementor-element-2d2c65c6 elementor-reverse-mobile elementor-section-boxed elementor-section-height-default elementor-section-height-default\" data-id=\"2d2c65c6\" data-element_type=\"section\">\n\t\t\t\t\t\t<div class=\"elementor-container elementor-column-gap-no\">\n\t\t\t\t\t<div class=\"elementor-column elementor-col-50 elementor-top-column elementor-element elementor-element-76359552\" data-id=\"76359552\" data-element_type=\"column\">\n\t\t\t<div class=\"elementor-widget-wrap elementor-element-populated\">\n\t\t\t\t\t\t\t\t<div class=\"elementor-element elementor-element-6cd9d4b1 elementor-widget elementor-widget-image-box\" data-id=\"6cd9d4b1\" data-element_type=\"widget\" id=\"bureau\" data-widget_type=\"image-box.default\">\n\t\t\t\t<div class=\"elementor-widget-container\">\n\t\t\t<style>\/*! elementor - v3.18.0 - 20-12-2023 *\/\n.elementor-widget-image-box .elementor-image-box-content{width:100%}@media (min-width:768px){.elementor-widget-image-box.elementor-position-left .elementor-image-box-wrapper,.elementor-widget-image-box.elementor-position-right .elementor-image-box-wrapper{display:flex}.elementor-widget-image-box.elementor-position-right .elementor-image-box-wrapper{text-align:right;flex-direction:row-reverse}.elementor-widget-image-box.elementor-position-left .elementor-image-box-wrapper{text-align:left;flex-direction:row}.elementor-widget-image-box.elementor-position-top .elementor-image-box-img{margin:auto}.elementor-widget-image-box.elementor-vertical-align-top .elementor-image-box-wrapper{align-items:flex-start}.elementor-widget-image-box.elementor-vertical-align-middle .elementor-image-box-wrapper{align-items:center}.elementor-widget-image-box.elementor-vertical-align-bottom .elementor-image-box-wrapper{align-items:flex-end}}@media (max-width:767px){.elementor-widget-image-box .elementor-image-box-img{margin-left:auto!important;margin-right:auto!important;margin-bottom:15px}}.elementor-widget-image-box .elementor-image-box-img{display:inline-block}.elementor-widget-image-box .elementor-image-box-title a{color:inherit}.elementor-widget-image-box .elementor-image-box-wrapper{text-align:center}.elementor-widget-image-box .elementor-image-box-description{margin:0}<\/style><div class=\"elementor-image-box-wrapper\"><div class=\"elementor-image-box-content\"><h2 class=\"elementor-image-box-title\">Le bureau<\/h2><p class=\"elementor-image-box-description\"><b>Pr\u00e9sident : Hubert MAITREJEAN<br><br>Secr\u00e9taire : Dominique MOUTENET<br><br>Tr\u00e9sorier : Olivier SANCERNE<\/b><br><br><\/p><\/div><\/div>\t\t<\/div>\n\t\t\t\t<\/div>\n\t\t\t\t\t<\/div>\n\t\t<\/div>\n\t\t\t\t<div class=\"elementor-column elementor-col-50 elementor-top-column elementor-element elementor-element-36156ba0\" data-id=\"36156ba0\" data-element_type=\"column\">\n\t\t\t<div class=\"elementor-widget-wrap elementor-element-populated\">\n\t\t\t\t\t\t\t\t<div class=\"elementor-element elementor-element-75d73c5c elementor-widget elementor-widget-image\" data-id=\"75d73c5c\" data-element_type=\"widget\" data-widget_type=\"image.default\">\n\t\t\t\t<div class=\"elementor-widget-container\">\n\t\t\t<style>\/*! elementor - v3.18.0 - 20-12-2023 *\/\n.elementor-widget-image{text-align:center}.elementor-widget-image a{display:inline-block}.elementor-widget-image a img[src$=\".svg\"]{width:48px}.elementor-widget-image img{vertical-align:middle;display:inline-block}<\/style>\t\t\t\t\t\t\t\t\t\t\t\t<img fetchpriority=\"high\" decoding=\"async\" width=\"1024\" height=\"608\" src=\"https:\/\/www.jurazimut.com\/wp-content\/uploads\/2025\/01\/DSC02720-scaled-e1738186320528-1024x608.jpg\" class=\"attachment-large size-large wp-image-5309\" alt=\"\" srcset=\"https:\/\/www.jurazimut.com\/wp-content\/uploads\/2025\/01\/DSC02720-scaled-e1738186320528-1024x608.jpg 1024w, https:\/\/www.jurazimut.com\/wp-content\/uploads\/2025\/01\/DSC02720-scaled-e1738186320528-300x178.jpg 300w, https:\/\/www.jurazimut.com\/wp-content\/uploads\/2025\/01\/DSC02720-scaled-e1738186320528-768x456.jpg 768w, https:\/\/www.jurazimut.com\/wp-content\/uploads\/2025\/01\/DSC02720-scaled-e1738186320528-1536x912.jpg 1536w, https:\/\/www.jurazimut.com\/wp-content\/uploads\/2025\/01\/DSC02720-scaled-e1738186320528.jpg 1702w\" sizes=\"(max-width: 1024px) 100vw, 1024px\" \/>\t\t\t\t\t\t\t\t\t\t\t\t\t\t\t<\/div>\n\t\t\t\t<\/div>\n\t\t\t\t\t<\/div>\n\t\t<\/div>\n\t\t\t\t\t\t\t<\/div>\n\t\t<\/section>\n\t\t\t\t<section class=\"elementor-section elementor-top-section elementor-element elementor-element-3a24cf1f elementor-section-boxed elementor-section-height-default elementor-section-height-default\" data-id=\"3a24cf1f\" data-element_type=\"section\">\n\t\t\t\t\t\t<div class=\"elementor-container elementor-column-gap-no\">\n\t\t\t\t\t<div class=\"elementor-column elementor-col-33 elementor-top-column elementor-element elementor-element-14b3ea09\" data-id=\"14b3ea09\" data-element_type=\"column\">\n\t\t\t<div class=\"elementor-widget-wrap elementor-element-populated\">\n\t\t\t\t\t\t\t\t<div class=\"elementor-element elementor-element-3d6cde2d elementor-widget elementor-widget-image\" data-id=\"3d6cde2d\" data-element_type=\"widget\" data-widget_type=\"image.default\">\n\t\t\t\t<div class=\"elementor-widget-container\">\n\t\t\t\t\t\t\t\t\t\t\t\t\t\t\t<img decoding=\"async\" width=\"525\" height=\"430\" src=\"https:\/\/www.jurazimut.com\/wp-content\/uploads\/2023\/03\/jurazimut-logo-1.jpg\" class=\"attachment-large size-large wp-image-4973\" alt=\"\" \/>\t\t\t\t\t\t\t\t\t\t\t\t\t\t\t<\/div>\n\t\t\t\t<\/div>\n\t\t\t\t\t<\/div>\n\t\t<\/div>\n\t\t\t\t<div class=\"elementor-column elementor-col-66 elementor-top-column elementor-element elementor-element-35740161\" data-id=\"35740161\" data-element_type=\"column\">\n\t\t\t<div class=\"elementor-widget-wrap elementor-element-populated\">\n\t\t\t\t\t\t\t\t<div class=\"elementor-element elementor-element-57f6d453 elementor-widget elementor-widget-image-box\" data-id=\"57f6d453\" data-element_type=\"widget\" id=\"statuts\" data-widget_type=\"image-box.default\">\n\t\t\t\t<div class=\"elementor-widget-container\">\n\t\t\t<div class=\"elementor-image-box-wrapper\"><div class=\"elementor-image-box-content\"><h2 class=\"elementor-image-box-title\">Nos statuts<\/h2><p class=\"elementor-image-box-description\">Extrait : <br><i>\"Cette association a pour but toutes activit\u00e9s r\u00e9cr\u00e9ative, \u00e9ducative et sportive sous quelques formes que ce soit : \t<br>- manifestations sportives, comp\u00e9titives ou non <br>- voyages, d\u00e9couvertes du milieu,<br>- animations de soir\u00e9e,<br>- stages d'initiation ou perfectionnement dans tous les    domaines,<br>- vente au d\u00e9ballage.<\/i>\"\n\n\n\n\n\n- <\/p><\/div><\/div>\t\t<\/div>\n\t\t\t\t<\/div>\n\t\t\t\t<div class=\"elementor-element elementor-element-e3be037 elementor-widget elementor-widget-button\" data-id=\"e3be037\" data-element_type=\"widget\" data-widget_type=\"button.default\">\n\t\t\t\t<div class=\"elementor-widget-container\">\n\t\t\t\t\t<div class=\"elementor-button-wrapper\">\n\t\t\t<a class=\"elementor-button elementor-button-link elementor-size-sm\" href=\"http:\/\/www.jurazimut.com\/wp-content\/uploads\/2023\/03\/STATUTS-2016.pdf\" target=\"_blank\">\n\t\t\t\t\t\t<span class=\"elementor-button-content-wrapper\">\n\t\t\t\t\t\t<span class=\"elementor-button-text\">STATUTS<\/span>\n\t\t<\/span>\n\t\t\t\t\t<\/a>\n\t\t<\/div>\n\t\t\t\t<\/div>\n\t\t\t\t<\/div>\n\t\t\t\t\t<\/div>\n\t\t<\/div>\n\t\t\t\t\t\t\t<\/div>\n\t\t<\/section>\n\t\t\t\t<section class=\"elementor-section elementor-top-section elementor-element elementor-element-2c77cfcc elementor-reverse-mobile elementor-section-boxed elementor-section-height-default elementor-section-height-default\" data-id=\"2c77cfcc\" data-element_type=\"section\">\n\t\t\t\t\t\t<div class=\"elementor-container elementor-column-gap-no\">\n\t\t\t\t\t<div class=\"elementor-column elementor-col-50 elementor-top-column elementor-element elementor-element-40605831\" data-id=\"40605831\" data-element_type=\"column\">\n\t\t\t<div class=\"elementor-widget-wrap elementor-element-populated\">\n\t\t\t\t\t\t\t\t<div class=\"elementor-element elementor-element-2cb0ec22 elementor-widget elementor-widget-image-box\" data-id=\"2cb0ec22\" data-element_type=\"widget\" id=\"moniteurs\" data-widget_type=\"image-box.default\">\n\t\t\t\t<div class=\"elementor-widget-container\">\n\t\t\t<div class=\"elementor-image-box-wrapper\"><div class=\"elementor-image-box-content\"><h2 class=\"elementor-image-box-title\">Les moniteurs, initiateurs<\/h2><p class=\"elementor-image-box-description\"><b>Dominique MOUTENET : <\/b><br>Initiateur Raid FFTRI<br><br><b>Christophe MONNIER <\/b><br>Entra\u00eeneur VTT<br><br><b>Hubert MAITREJEAN : <\/b><br>Initiateur Raid FFTRI<br>Initiateur orientation FFCO<\/p><\/div><\/div>\t\t<\/div>\n\t\t\t\t<\/div>\n\t\t\t\t\t<\/div>\n\t\t<\/div>\n\t\t\t\t<div class=\"elementor-column elementor-col-50 elementor-top-column elementor-element elementor-element-16510f3b\" data-id=\"16510f3b\" data-element_type=\"column\">\n\t\t\t<div class=\"elementor-widget-wrap elementor-element-populated\">\n\t\t\t\t\t\t\t\t<div class=\"elementor-element elementor-element-43dadb94 elementor-widget elementor-widget-image\" data-id=\"43dadb94\" data-element_type=\"widget\" data-widget_type=\"image.default\">\n\t\t\t\t<div class=\"elementor-widget-container\">\n\t\t\t\t\t\t\t\t\t\t\t\t\t\t\t<img decoding=\"async\" width=\"1024\" height=\"813\" src=\"https:\/\/www.jurazimut.com\/wp-content\/uploads\/2023\/03\/TOUTLEMONDEDEHORS-2.jpg\" class=\"attachment-large size-large wp-image-4974\" alt=\"\" \/>\t\t\t\t\t\t\t\t\t\t\t\t\t\t\t<\/div>\n\t\t\t\t<\/div>\n\t\t\t\t\t<\/div>\n\t\t<\/div>\n\t\t\t\t\t\t\t<\/div>\n\t\t<\/section>\n\t\t\t\t\t\t\t<\/div>\n\t\t","protected":false},"excerpt":{"rendered":"<p>Qui sommes nous ? Le bureau Pr\u00e9sident : Hubert MAITREJEAN Secr\u00e9taire : Dominique MOUTENET Tr\u00e9sorier : Olivier SANCERNE Nos statuts Extrait : \u00ab\u00a0Cette association a pour but toutes activit\u00e9s r\u00e9cr\u00e9ative, \u00e9ducative et sportive sous quelques formes que ce soit : &#8211; manifestations sportives, comp\u00e9titives ou non &#8211; voyages, d\u00e9couvertes du milieu,&#8211; animations de soir\u00e9e,&#8211; stages &hellip;<\/p>\n<p class=\"read-more\"> <a class=\"\" href=\"https:\/\/www.jurazimut.com\/index.php\/a-propos\/\"> <span class=\"screen-reader-text\">A propos<\/span> Lire la suite\u00a0\u00bb<\/a><\/p>\n","protected":false},"author":1,"featured_media":0,"parent":0,"menu_order":0,"comment_status":"closed","ping_status":"closed","template":"","meta":{"site-sidebar-layout":"no-sidebar","site-content-layout":"page-builder","ast-global-header-display":"","ast-main-header-display":"","ast-hfb-above-header-display":"","ast-hfb-below-header-display":"","ast-hfb-mobile-header-display":"","site-post-title":"disabled","ast-breadcrumbs-content":"","ast-featured-img":"","footer-sml-layout":"","theme-transparent-header-meta":"enabled","adv-header-id-meta":"","stick-header-meta":"","header-above-stick-meta":"","header-main-stick-meta":"","header-below-stick-meta":"","footnotes":""},"_links":{"self":[{"href":"https:\/\/www.jurazimut.com\/index.php\/wp-json\/wp\/v2\/pages\/4458"}],"collection":[{"href":"https:\/\/www.jurazimut.com\/index.php\/wp-json\/wp\/v2\/pages"}],"about":[{"href":"https:\/\/www.jurazimut.com\/index.php\/wp-json\/wp\/v2\/types\/page"}],"author":[{"embeddable":true,"href":"https:\/\/www.jurazimut.com\/index.php\/wp-json\/wp\/v2\/users\/1"}],"replies":[{"embeddable":true,"href":"https:\/\/www.jurazimut.com\/index.php\/wp-json\/wp\/v2\/comments?post=4458"}],"version-history":[{"count":47,"href":"https:\/\/www.jurazimut.com\/index.php\/wp-json\/wp\/v2\/pages\/4458\/revisions"}],"predecessor-version":[{"id":5313,"href":"https:\/\/www.jurazimut.com\/index.php\/wp-json\/wp\/v2\/pages\/4458\/revisions\/5313"}],"wp:attachment":[{"href":"https:\/\/www.jurazimut.com\/index.php\/wp-json\/wp\/v2\/media?parent=4458"}],"curies":[{"name":"wp","href":"https:\/\/api.w.org\/{rel}","templated":true}]}}